{"id":9969,"date":"2024-11-04T21:32:04","date_gmt":"2024-11-04T21:32:04","guid":{"rendered":"https:\/\/catedra-alberto-benveniste.org\/editions\/colecao-usque\/"},"modified":"2024-12-01T19:44:49","modified_gmt":"2024-12-01T19:44:49","slug":"colecao-usque","status":"publish","type":"page","link":"https:\/\/catedra-alberto-benveniste.org\/en\/editions\/colecao-usque\/","title":{"rendered":"Usque Collection"},"content":{"rendered":"<div class=\"kb-row-layout-wrap kb-row-layout-id865_52c67f-3e alignnone edicoes wp-block-kadence-rowlayout\"><div class=\"kt-row-column-wrap kt-has-1-columns kt-row-layout-equal kt-tab-layout-inherit kt-mobile-layout-row kt-row-valign-top kb-theme-content-width\">\n\n<div class=\"wp-block-kadence-column kadence-column865_44d754-d9\"><div class=\"kt-inside-inner-col\"><div class=\"kb-row-layout-wrap kb-row-layout-id865_edee47-c9 alignnone wp-block-kadence-rowlayout\"><div class=\"kt-row-column-wrap kt-has-2-columns kt-row-layout-equal kt-tab-layout-inherit kt-mobile-layout-row kt-row-valign-top\">\n\n<div class=\"wp-block-kadence-column kadence-column865_6a20fc-dd\"><div class=\"kt-inside-inner-col\">\n<figure class=\"wp-block-image size-full\"><a href=\"colecao-usque\"><img loading=\"lazy\" decoding=\"async\" width=\"698\" height=\"700\" src=\"https:\/\/catedra-alberto-benveniste.org\/wp-content\/uploads\/2024\/11\/edicoes-usque.jpg\" alt=\"\" class=\"wp-image-6049\" srcset=\"https:\/\/catedra-alberto-benveniste.org\/wp-content\/uploads\/2024\/11\/edicoes-usque.jpg 698w, https:\/\/catedra-alberto-benveniste.org\/wp-content\/uploads\/2024\/11\/edicoes-usque-300x300.jpg 300w, https:\/\/catedra-alberto-benveniste.org\/wp-content\/uploads\/2024\/11\/edicoes-usque-150x150.jpg 150w\" sizes=\"auto, (max-width: 698px) 100vw, 698px\" \/><\/a><\/figure>\n<\/div><\/div>\n\n\n\n<div class=\"wp-block-kadence-column kadence-column865_aff8cf-42\"><div class=\"kt-inside-inner-col\">\n<h1 class=\"wp-block-heading\">Usque Collection<\/h1>\n\n\n\n<div style=\"height:0.5rem\" aria-hidden=\"true\" class=\"wp-block-spacer\"><\/div>\n\n\n\n<p>Usque is a name that invokes the diaspora. Samuel, the author of Consolation for the Tribulations of Israel. Abraham, the printer of this masterpiece of Sephardic culture in exile that has become an inspiration. The Usque Collection is a CESAB editorial project dedicated to the critical edition of sources that are key to the knowledge of the multifaceted Sephardic Diaspora.<\/p>\n<\/div><\/div>\n\n<\/div><\/div>\n\n\n<div style=\"height:3rem\" aria-hidden=\"true\" class=\"wp-block-spacer\"><\/div>\n\n\n<div class=\"kb-row-layout-wrap kb-row-layout-id865_155c99-9c alignnone wp-block-kadence-rowlayout\"><div class=\"kt-row-column-wrap kt-has-1-columns kt-row-layout-equal kt-tab-layout-inherit kt-mobile-layout-row kt-row-valign-top\">\n\n<div class=\"wp-block-kadence-column kadence-column865_d32d1e-72\"><div class=\"kt-inside-inner-col\">\n<div class=\"wp-block-query queryLoop-4Column is-layout-flow wp-block-query-is-layout-flow\"><ul class=\"columns-4 alignfull wp-block-post-template is-layout-grid wp-container-core-post-template-is-layout-0eac9162 wp-block-post-template-is-layout-grid\"><li class=\"wp-block-post post-10936 post type-post status-publish format-standard has-post-thumbnail hentry category-colecao-usque-en\">\n<figure class=\"wp-block-post-featured-image\"><a href=\"https:\/\/catedra-alberto-benveniste.org\/en\/coleccao-usque-5-garcia-de-orta-coloquio-dos-simples-e-drogas-e-coisas-medicinais-da-india\/\" target=\"_self\"  ><img loading=\"lazy\" decoding=\"async\" width=\"1417\" height=\"2000\" src=\"https:\/\/catedra-alberto-benveniste.org\/wp-content\/uploads\/2025\/10\/Usque5-Garcia-de-Horta-Coloquio-Capa-web.jpg\" class=\"attachment-post-thumbnail size-post-thumbnail wp-post-image\" alt=\"Colec\u00e7\u00e3o Usque 5: Garcia de Orta \u2013 Col\u00f3quio dos Simples e Drogas e Coisas Medicinais da \u00cdndia\" style=\"object-fit:cover;\" \/><\/a><\/figure>\n\n\n<div style=\"height:0.5rem\" aria-hidden=\"true\" class=\"wp-block-spacer\"><\/div>\n\n\n<h2 class=\"wp-block-post-title\"><a href=\"https:\/\/catedra-alberto-benveniste.org\/en\/coleccao-usque-5-garcia-de-orta-coloquio-dos-simples-e-drogas-e-coisas-medicinais-da-india\/\" target=\"_self\" >Colec\u00e7\u00e3o Usque 5: Garcia de Orta \u2013 Col\u00f3quio dos Simples e Drogas e Coisas Medicinais da \u00cdndia<\/a><\/h2>\n<\/li><li class=\"wp-block-post post-10934 post type-post status-publish format-standard has-post-thumbnail hentry category-colecao-usque-en\">\n<figure class=\"wp-block-post-featured-image\"><a href=\"https:\/\/catedra-alberto-benveniste.org\/en\/coleccao-usque-4-prefacios-e-dedicatorias-de-livros-em-latim-de-medicos-portugueses-1520-1620\/\" target=\"_self\"  ><img loading=\"lazy\" decoding=\"async\" width=\"1416\" height=\"2000\" src=\"https:\/\/catedra-alberto-benveniste.org\/wp-content\/uploads\/2025\/10\/Usque4-Prefacios-e-Dedicatorias-Capa-web.jpg\" class=\"attachment-post-thumbnail size-post-thumbnail wp-post-image\" alt=\"Colec\u00e7\u00e3o Usque 4: Pref\u00e1cios e Dedicat\u00f3rias de Livros em Latim de M\u00e9dicos Portugueses (1520-1620)\" style=\"object-fit:cover;\" \/><\/a><\/figure>\n\n\n<div style=\"height:0.5rem\" aria-hidden=\"true\" class=\"wp-block-spacer\"><\/div>\n\n\n<h2 class=\"wp-block-post-title\"><a href=\"https:\/\/catedra-alberto-benveniste.org\/en\/coleccao-usque-4-prefacios-e-dedicatorias-de-livros-em-latim-de-medicos-portugueses-1520-1620\/\" target=\"_self\" >Colec\u00e7\u00e3o Usque 4: Pref\u00e1cios e Dedicat\u00f3rias de Livros em Latim de M\u00e9dicos Portugueses (1520-1620)<\/a><\/h2>\n<\/li><li class=\"wp-block-post post-10938 post type-post status-publish format-standard has-post-thumbnail hentry category-colecao-usque-en\">\n<figure class=\"wp-block-post-featured-image\"><a href=\"https:\/\/catedra-alberto-benveniste.org\/en\/usque-collection-3-the-hebrew-collection-of-sebastiao-jose-de-carvalho-e-melo\/\" target=\"_self\"  ><img loading=\"lazy\" decoding=\"async\" width=\"990\" height=\"1380\" src=\"https:\/\/catedra-alberto-benveniste.org\/wp-content\/uploads\/2024\/11\/AF-Usque-3-A-Colecao-Hebraica-de-SJCM-PLANO-CAPA_page-0001.jpg\" class=\"attachment-post-thumbnail size-post-thumbnail wp-post-image\" alt=\"Usque Collection 3: The Hebrew Collection of Sebasti\u00e3o Jos\u00e9 de Carvalho e Melo\" style=\"object-fit:cover;\" srcset=\"https:\/\/catedra-alberto-benveniste.org\/wp-content\/uploads\/2024\/11\/AF-Usque-3-A-Colecao-Hebraica-de-SJCM-PLANO-CAPA_page-0001.jpg 990w, https:\/\/catedra-alberto-benveniste.org\/wp-content\/uploads\/2024\/11\/AF-Usque-3-A-Colecao-Hebraica-de-SJCM-PLANO-CAPA_page-0001-215x300.jpg 215w, https:\/\/catedra-alberto-benveniste.org\/wp-content\/uploads\/2024\/11\/AF-Usque-3-A-Colecao-Hebraica-de-SJCM-PLANO-CAPA_page-0001-735x1024.jpg 735w, https:\/\/catedra-alberto-benveniste.org\/wp-content\/uploads\/2024\/11\/AF-Usque-3-A-Colecao-Hebraica-de-SJCM-PLANO-CAPA_page-0001-768x1071.jpg 768w\" sizes=\"auto, (max-width: 990px) 100vw, 990px\" \/><\/a><\/figure>\n\n\n<div style=\"height:0.5rem\" aria-hidden=\"true\" class=\"wp-block-spacer\"><\/div>\n\n\n<h2 class=\"wp-block-post-title\"><a href=\"https:\/\/catedra-alberto-benveniste.org\/en\/usque-collection-3-the-hebrew-collection-of-sebastiao-jose-de-carvalho-e-melo\/\" target=\"_self\" >Usque Collection 3: The Hebrew Collection of Sebasti\u00e3o Jos\u00e9 de Carvalho e Melo<\/a><\/h2>\n<\/li><li class=\"wp-block-post post-9505 post type-post status-publish format-standard has-post-thumbnail hentry category-colecao-usque-en\">\n<figure class=\"wp-block-post-featured-image\"><a href=\"https:\/\/catedra-alberto-benveniste.org\/en\/coleccao-usque-2-o-processo-de-catarina-de-orta-na-inquisicao-de-goa-1568-1569-2\/\" target=\"_self\"  ><img loading=\"lazy\" decoding=\"async\" width=\"1417\" height=\"2000\" src=\"https:\/\/catedra-alberto-benveniste.org\/wp-content\/uploads\/2024\/11\/Usque2-O-Processo-de-Catarina-Capa-2edicao-web.jpg\" class=\"attachment-post-thumbnail size-post-thumbnail wp-post-image\" alt=\"Colec\u00e7\u00e3o Usque 2: O processo de Catarina de Orta na Inquisi\u00e7\u00e3o de Goa (1568-1569)\" style=\"object-fit:cover;\" \/><\/a><\/figure>\n\n\n<div style=\"height:0.5rem\" aria-hidden=\"true\" class=\"wp-block-spacer\"><\/div>\n\n\n<h2 class=\"wp-block-post-title\"><a href=\"https:\/\/catedra-alberto-benveniste.org\/en\/coleccao-usque-2-o-processo-de-catarina-de-orta-na-inquisicao-de-goa-1568-1569-2\/\" target=\"_self\" >Colec\u00e7\u00e3o Usque 2: O processo de Catarina de Orta na Inquisi\u00e7\u00e3o de Goa (1568-1569)<\/a><\/h2>\n<\/li><li class=\"wp-block-post post-9506 post type-post status-publish format-standard has-post-thumbnail hentry category-colecao-usque-en\">\n<figure class=\"wp-block-post-featured-image\"><a href=\"https:\/\/catedra-alberto-benveniste.org\/en\/coleccao-usque-1-livro-dos-acordos-vols-i-e-ii\/\" target=\"_self\"  ><img loading=\"lazy\" decoding=\"async\" width=\"1417\" height=\"2000\" src=\"https:\/\/catedra-alberto-benveniste.org\/wp-content\/uploads\/2024\/11\/Usque1-vol1-I-Livros-dos-Acordos-web.jpg\" class=\"attachment-post-thumbnail size-post-thumbnail wp-post-image\" alt=\"Colec\u00e7\u00e3o Usque 1: Livro dos Acordos, vols. I e II\" style=\"object-fit:cover;\" \/><\/a><\/figure>\n\n\n<div style=\"height:0.5rem\" aria-hidden=\"true\" class=\"wp-block-spacer\"><\/div>\n\n\n<h2 class=\"wp-block-post-title\"><a href=\"https:\/\/catedra-alberto-benveniste.org\/en\/coleccao-usque-1-livro-dos-acordos-vols-i-e-ii\/\" target=\"_self\" >Colec\u00e7\u00e3o Usque 1: Livro dos Acordos, vols. I e II<\/a><\/h2>\n<\/li><\/ul><\/div>\n<\/div><\/div>\n\n<\/div><\/div><\/div><\/div>\n\n<\/div><\/div>","protected":false},"excerpt":{"rendered":"<p>Usque Collection Usque is a name that invokes the diaspora. Samuel, the author of Consolation for the Tribulations of Israel. Abraham, the printer of this masterpiece of Sephardic culture in exile that has become an inspiration. The Usque Collection is a CESAB editorial project dedicated to the critical edition of sources that are key to [&hellip;]<\/p>\n","protected":false},"author":1,"featured_media":0,"parent":9060,"menu_order":0,"comment_status":"closed","ping_status":"closed","template":"","meta":{"footnotes":""},"class_list":["post-9969","page","type-page","status-publish","hentry"],"_links":{"self":[{"href":"https:\/\/catedra-alberto-benveniste.org\/en\/wp-json\/wp\/v2\/pages\/9969","targetHints":{"allow":["GET"]}}],"collection":[{"href":"https:\/\/catedra-alberto-benveniste.org\/en\/wp-json\/wp\/v2\/pages"}],"about":[{"href":"https:\/\/catedra-alberto-benveniste.org\/en\/wp-json\/wp\/v2\/types\/page"}],"author":[{"embeddable":true,"href":"https:\/\/catedra-alberto-benveniste.org\/en\/wp-json\/wp\/v2\/users\/1"}],"replies":[{"embeddable":true,"href":"https:\/\/catedra-alberto-benveniste.org\/en\/wp-json\/wp\/v2\/comments?post=9969"}],"version-history":[{"count":4,"href":"https:\/\/catedra-alberto-benveniste.org\/en\/wp-json\/wp\/v2\/pages\/9969\/revisions"}],"predecessor-version":[{"id":9982,"href":"https:\/\/catedra-alberto-benveniste.org\/en\/wp-json\/wp\/v2\/pages\/9969\/revisions\/9982"}],"up":[{"embeddable":true,"href":"https:\/\/catedra-alberto-benveniste.org\/en\/wp-json\/wp\/v2\/pages\/9060"}],"wp:attachment":[{"href":"https:\/\/catedra-alberto-benveniste.org\/en\/wp-json\/wp\/v2\/media?parent=9969"}],"curies":[{"name":"wp","href":"https:\/\/api.w.org\/{rel}","templated":true}]}}