{"id":9968,"date":"2024-11-04T21:32:26","date_gmt":"2024-11-04T21:32:26","guid":{"rendered":"https:\/\/catedra-alberto-benveniste.org\/editions\/serie-monografica\/"},"modified":"2024-12-01T19:46:01","modified_gmt":"2024-12-01T19:46:01","slug":"serie-monografica","status":"publish","type":"page","link":"https:\/\/catedra-alberto-benveniste.org\/en\/editions\/serie-monografica\/","title":{"rendered":"Monographic Series"},"content":{"rendered":"<div class=\"kb-row-layout-wrap kb-row-layout-id868_09e55e-7e alignnone edicoes wp-block-kadence-rowlayout\"><div class=\"kt-row-column-wrap kt-has-1-columns kt-row-layout-equal kt-tab-layout-inherit kt-mobile-layout-row kt-row-valign-top kb-theme-content-width\">\n\n<div class=\"wp-block-kadence-column kadence-column868_1c534d-af\"><div class=\"kt-inside-inner-col\"><div class=\"kb-row-layout-wrap kb-row-layout-id868_c49f3d-5c alignnone wp-block-kadence-rowlayout\"><div class=\"kt-row-column-wrap kt-has-2-columns kt-row-layout-equal kt-tab-layout-inherit kt-mobile-layout-row kt-row-valign-top\">\n\n<div class=\"wp-block-kadence-column kadence-column868_609fc3-75\"><div class=\"kt-inside-inner-col\">\n<figure class=\"wp-block-image size-full\"><a href=\"serie-monografica\"><img loading=\"lazy\" decoding=\"async\" width=\"700\" height=\"700\" src=\"https:\/\/catedra-alberto-benveniste.org\/wp-content\/uploads\/2024\/11\/edicoes-monograf.jpg\" alt=\"\" class=\"wp-image-6047\" srcset=\"https:\/\/catedra-alberto-benveniste.org\/wp-content\/uploads\/2024\/11\/edicoes-monograf.jpg 700w, https:\/\/catedra-alberto-benveniste.org\/wp-content\/uploads\/2024\/11\/edicoes-monograf-300x300.jpg 300w, https:\/\/catedra-alberto-benveniste.org\/wp-content\/uploads\/2024\/11\/edicoes-monograf-150x150.jpg 150w\" sizes=\"auto, (max-width: 700px) 100vw, 700px\" \/><\/a><\/figure>\n<\/div><\/div>\n\n\n\n<div class=\"wp-block-kadence-column kadence-column868_1a5d9a-cb\"><div class=\"kt-inside-inner-col\">\n<h1 class=\"wp-block-heading\">Monographic Series<\/h1>\n\n\n\n<div style=\"height:0.5rem\" aria-hidden=\"true\" class=\"wp-block-spacer\"><\/div>\n\n\n\n<p>The Monographic Series Alberto Benveniste publishes monographs on the Sephardic diaspora, the Iberian Jewish communities, and other related subjects, as well as collective works resulting from the scientific activities organised by CESAB or in partnership with other research centres in Portugal and abroad.<\/p>\n<\/div><\/div>\n\n<\/div><\/div>\n\n\n<div style=\"height:3rem\" aria-hidden=\"true\" class=\"wp-block-spacer\"><\/div>\n\n\n<div class=\"kb-row-layout-wrap kb-row-layout-id868_e9556c-58 alignnone wp-block-kadence-rowlayout\"><div class=\"kt-row-column-wrap kt-has-1-columns kt-row-layout-equal kt-tab-layout-inherit kt-mobile-layout-row kt-row-valign-top\">\n\n<div class=\"wp-block-kadence-column kadence-column868_a30fed-02\"><div class=\"kt-inside-inner-col\">\n<div class=\"wp-block-query queryLoop-4Column is-layout-flow wp-block-query-is-layout-flow\"><ul class=\"columns-4 alignfull wp-block-post-template is-layout-grid wp-container-core-post-template-is-layout-0eac9162 wp-block-post-template-is-layout-grid\"><li class=\"wp-block-post post-9504 post type-post status-publish format-standard has-post-thumbnail hentry category-monographic-series\">\n<figure class=\"wp-block-post-featured-image\"><a href=\"https:\/\/catedra-alberto-benveniste.org\/en\/garcia-de-orta-ciencia-religiao-e-cultura\/\" target=\"_self\"  ><img loading=\"lazy\" decoding=\"async\" width=\"492\" height=\"727\" src=\"https:\/\/catedra-alberto-benveniste.org\/wp-content\/uploads\/2024\/11\/Capa2_2.jpg\" class=\"attachment-post-thumbnail size-post-thumbnail wp-post-image\" alt=\"Garcia de Orta: Ci\u00eancia, Religi\u00e3o e Cultura\" style=\"object-fit:cover;\" srcset=\"https:\/\/catedra-alberto-benveniste.org\/wp-content\/uploads\/2024\/11\/Capa2_2.jpg 492w, https:\/\/catedra-alberto-benveniste.org\/wp-content\/uploads\/2024\/11\/Capa2_2-203x300.jpg 203w\" sizes=\"auto, (max-width: 492px) 100vw, 492px\" \/><\/a><\/figure>\n\n\n<div style=\"height:0.5rem\" aria-hidden=\"true\" class=\"wp-block-spacer\"><\/div>\n\n\n<h2 class=\"wp-block-post-title\"><a href=\"https:\/\/catedra-alberto-benveniste.org\/en\/garcia-de-orta-ciencia-religiao-e-cultura\/\" target=\"_self\" >Garcia de Orta: Ci\u00eancia, Religi\u00e3o e Cultura<\/a><\/h2>\n<\/li><li class=\"wp-block-post post-9503 post type-post status-publish format-standard has-post-thumbnail hentry category-monographic-series\">\n<figure class=\"wp-block-post-featured-image\"><a href=\"https:\/\/catedra-alberto-benveniste.org\/en\/historia-dos-trabalhos-da-sem-ventura-isea-natural-da-cidade-de-efeso-e-dos-amores-de-clareo-e-florisea\/\" target=\"_self\"  ><img loading=\"lazy\" decoding=\"async\" width=\"323\" height=\"452\" src=\"https:\/\/catedra-alberto-benveniste.org\/wp-content\/uploads\/2024\/11\/Isea_capa_jpg_2.jpg\" class=\"attachment-post-thumbnail size-post-thumbnail wp-post-image\" alt=\"Hist\u00f3ria dos trabalhos da sem-ventura Isea natural da cidade de \u00c9feso e dos amores de Clareo e Florisea\" style=\"object-fit:cover;\" srcset=\"https:\/\/catedra-alberto-benveniste.org\/wp-content\/uploads\/2024\/11\/Isea_capa_jpg_2.jpg 323w, https:\/\/catedra-alberto-benveniste.org\/wp-content\/uploads\/2024\/11\/Isea_capa_jpg_2-214x300.jpg 214w\" sizes=\"auto, (max-width: 323px) 100vw, 323px\" \/><\/a><\/figure>\n\n\n<div style=\"height:0.5rem\" aria-hidden=\"true\" class=\"wp-block-spacer\"><\/div>\n\n\n<h2 class=\"wp-block-post-title\"><a href=\"https:\/\/catedra-alberto-benveniste.org\/en\/historia-dos-trabalhos-da-sem-ventura-isea-natural-da-cidade-de-efeso-e-dos-amores-de-clareo-e-florisea\/\" target=\"_self\" >Hist\u00f3ria dos trabalhos da sem-ventura Isea natural da cidade de \u00c9feso e dos amores de Clareo e Florisea<\/a><\/h2>\n<\/li><li class=\"wp-block-post post-9502 post type-post status-publish format-standard has-post-thumbnail hentry category-monographic-series\">\n<figure class=\"wp-block-post-featured-image\"><a href=\"https:\/\/catedra-alberto-benveniste.org\/en\/scrigni-della-memoria-arquivos-e-fundos-documentais-para-o-estudo-das-relacoes-luso-italianas\/\" target=\"_self\"  ><img loading=\"lazy\" decoding=\"async\" width=\"1816\" height=\"2560\" src=\"https:\/\/catedra-alberto-benveniste.org\/wp-content\/uploads\/2024\/11\/Capa_Scrigni-scaled.jpg\" class=\"attachment-post-thumbnail size-post-thumbnail wp-post-image\" alt=\"Scrigni della memoria. Arquivos e Fundos Documentais para o estudo das Rela\u00e7\u00f5es Luso-Italianas\" style=\"object-fit:cover;\" srcset=\"https:\/\/catedra-alberto-benveniste.org\/wp-content\/uploads\/2024\/11\/Capa_Scrigni-scaled.jpg 1816w, https:\/\/catedra-alberto-benveniste.org\/wp-content\/uploads\/2024\/11\/Capa_Scrigni-213x300.jpg 213w, https:\/\/catedra-alberto-benveniste.org\/wp-content\/uploads\/2024\/11\/Capa_Scrigni-726x1024.jpg 726w, https:\/\/catedra-alberto-benveniste.org\/wp-content\/uploads\/2024\/11\/Capa_Scrigni-768x1083.jpg 768w, https:\/\/catedra-alberto-benveniste.org\/wp-content\/uploads\/2024\/11\/Capa_Scrigni-1090x1536.jpg 1090w, https:\/\/catedra-alberto-benveniste.org\/wp-content\/uploads\/2024\/11\/Capa_Scrigni-1453x2048.jpg 1453w\" sizes=\"auto, (max-width: 1816px) 100vw, 1816px\" \/><\/a><\/figure>\n\n\n<div style=\"height:0.5rem\" aria-hidden=\"true\" class=\"wp-block-spacer\"><\/div>\n\n\n<h2 class=\"wp-block-post-title\"><a href=\"https:\/\/catedra-alberto-benveniste.org\/en\/scrigni-della-memoria-arquivos-e-fundos-documentais-para-o-estudo-das-relacoes-luso-italianas\/\" target=\"_self\" >Scrigni della memoria. Arquivos e Fundos Documentais para o estudo das Rela\u00e7\u00f5es Luso-Italianas<\/a><\/h2>\n<\/li><li class=\"wp-block-post post-9500 post type-post status-publish format-standard has-post-thumbnail hentry category-monographic-series\">\n<figure class=\"wp-block-post-featured-image\"><a href=\"https:\/\/catedra-alberto-benveniste.org\/en\/con-gran-mare-e-fortuna-circulacao-de-mercadorias-pessoas-e-ideias-entre-portugal-e-italia-na-epoca-moderna-2\/\" target=\"_self\"  ><img loading=\"lazy\" decoding=\"async\" width=\"358\" height=\"514\" src=\"https:\/\/catedra-alberto-benveniste.org\/wp-content\/uploads\/2024\/11\/Capa_Livro_Serie_7.jpg\" class=\"attachment-post-thumbnail size-post-thumbnail wp-post-image\" alt=\"Con gran mare e fortuna. Circula\u00e7\u00e3o de mercadorias, pessoas e ideias entre Portugal e It\u00e1lia na \u00c9poca Moderna\" style=\"object-fit:cover;\" srcset=\"https:\/\/catedra-alberto-benveniste.org\/wp-content\/uploads\/2024\/11\/Capa_Livro_Serie_7.jpg 358w, https:\/\/catedra-alberto-benveniste.org\/wp-content\/uploads\/2024\/11\/Capa_Livro_Serie_7-209x300.jpg 209w\" sizes=\"auto, (max-width: 358px) 100vw, 358px\" \/><\/a><\/figure>\n\n\n<div style=\"height:0.5rem\" aria-hidden=\"true\" class=\"wp-block-spacer\"><\/div>\n\n\n<h2 class=\"wp-block-post-title\"><a href=\"https:\/\/catedra-alberto-benveniste.org\/en\/con-gran-mare-e-fortuna-circulacao-de-mercadorias-pessoas-e-ideias-entre-portugal-e-italia-na-epoca-moderna-2\/\" target=\"_self\" >Con gran mare e fortuna. Circula\u00e7\u00e3o de mercadorias, pessoas e ideias entre Portugal e It\u00e1lia na \u00c9poca Moderna<\/a><\/h2>\n<\/li><li class=\"wp-block-post post-9491 post type-post status-publish format-standard has-post-thumbnail hentry category-monographic-series\">\n<figure class=\"wp-block-post-featured-image\"><a href=\"https:\/\/catedra-alberto-benveniste.org\/en\/o-livro-e-as-interacoes-culturais-judaico-cristas-em-portugal-no-final-da-idade-media\/\" target=\"_self\"  ><img loading=\"lazy\" decoding=\"async\" width=\"575\" height=\"821\" src=\"https:\/\/catedra-alberto-benveniste.org\/wp-content\/uploads\/2024\/11\/IMG-20241118-WA0018.jpg\" class=\"attachment-post-thumbnail size-post-thumbnail wp-post-image\" alt=\"O livro e as intera\u00e7\u00f5es culturais judaico-crist\u00e3s em Portugal no final da Idade M\u00e9dia\" style=\"object-fit:cover;\" srcset=\"https:\/\/catedra-alberto-benveniste.org\/wp-content\/uploads\/2024\/11\/IMG-20241118-WA0018.jpg 575w, https:\/\/catedra-alberto-benveniste.org\/wp-content\/uploads\/2024\/11\/IMG-20241118-WA0018-210x300.jpg 210w\" sizes=\"auto, (max-width: 575px) 100vw, 575px\" \/><\/a><\/figure>\n\n\n<div style=\"height:0.5rem\" aria-hidden=\"true\" class=\"wp-block-spacer\"><\/div>\n\n\n<h2 class=\"wp-block-post-title\"><a href=\"https:\/\/catedra-alberto-benveniste.org\/en\/o-livro-e-as-interacoes-culturais-judaico-cristas-em-portugal-no-final-da-idade-media\/\" target=\"_self\" >O livro e as intera\u00e7\u00f5es culturais judaico-crist\u00e3s em Portugal no final da Idade M\u00e9dia<\/a><\/h2>\n<\/li><li class=\"wp-block-post post-9497 post type-post status-publish format-standard has-post-thumbnail hentry category-monographic-series\">\n<figure class=\"wp-block-post-featured-image\"><a href=\"https:\/\/catedra-alberto-benveniste.org\/en\/apostilas-a-antonio-luis\/\" target=\"_self\"  ><img loading=\"lazy\" decoding=\"async\" width=\"344\" height=\"502\" src=\"https:\/\/catedra-alberto-benveniste.org\/wp-content\/uploads\/2024\/11\/IMG-20241118-WA0016.jpg\" class=\"attachment-post-thumbnail size-post-thumbnail wp-post-image\" alt=\"Apostilas a Ant\u00f3nio Lu\u00eds\" style=\"object-fit:cover;\" srcset=\"https:\/\/catedra-alberto-benveniste.org\/wp-content\/uploads\/2024\/11\/IMG-20241118-WA0016.jpg 344w, https:\/\/catedra-alberto-benveniste.org\/wp-content\/uploads\/2024\/11\/IMG-20241118-WA0016-206x300.jpg 206w\" sizes=\"auto, (max-width: 344px) 100vw, 344px\" \/><\/a><\/figure>\n\n\n<div style=\"height:0.5rem\" aria-hidden=\"true\" class=\"wp-block-spacer\"><\/div>\n\n\n<h2 class=\"wp-block-post-title\"><a href=\"https:\/\/catedra-alberto-benveniste.org\/en\/apostilas-a-antonio-luis\/\" target=\"_self\" >Apostilas a Ant\u00f3nio Lu\u00eds<\/a><\/h2>\n<\/li><li class=\"wp-block-post post-9498 post type-post status-publish format-standard has-post-thumbnail hentry category-monographic-series\">\n<figure class=\"wp-block-post-featured-image\"><a href=\"https:\/\/catedra-alberto-benveniste.org\/en\/le-nove-son-tanto-e-tante-buone-che-dir-non-se-po-lisboa-dos-italianos-historia-e-arte-secs-xiv-xviii\/\" target=\"_self\"  ><img loading=\"lazy\" decoding=\"async\" width=\"351\" height=\"513\" src=\"https:\/\/catedra-alberto-benveniste.org\/wp-content\/uploads\/2024\/11\/Le_nove.jpg\" class=\"attachment-post-thumbnail size-post-thumbnail wp-post-image\" alt=\"Le nove son tanto e tante buone, che dir non se p\u00f2. Lisboa dos Italianos: Hist\u00f3ria e Arte (s\u00e9cs. XIV-XVIII)\" style=\"object-fit:cover;\" srcset=\"https:\/\/catedra-alberto-benveniste.org\/wp-content\/uploads\/2024\/11\/Le_nove.jpg 351w, https:\/\/catedra-alberto-benveniste.org\/wp-content\/uploads\/2024\/11\/Le_nove-205x300.jpg 205w\" sizes=\"auto, (max-width: 351px) 100vw, 351px\" \/><\/a><\/figure>\n\n\n<div style=\"height:0.5rem\" aria-hidden=\"true\" class=\"wp-block-spacer\"><\/div>\n\n\n<h2 class=\"wp-block-post-title\"><a href=\"https:\/\/catedra-alberto-benveniste.org\/en\/le-nove-son-tanto-e-tante-buone-che-dir-non-se-po-lisboa-dos-italianos-historia-e-arte-secs-xiv-xviii\/\" target=\"_self\" >Le nove son tanto e tante buone, che dir non se p\u00f2. Lisboa dos Italianos: Hist\u00f3ria e Arte (s\u00e9cs. XIV-XVIII)<\/a><\/h2>\n<\/li><li class=\"wp-block-post post-9499 post type-post status-publish format-standard has-post-thumbnail hentry category-monographic-series\">\n<figure class=\"wp-block-post-featured-image\"><a href=\"https:\/\/catedra-alberto-benveniste.org\/en\/a-comuna-judaica-de-leiria-das-origens-a-expulsao\/\" target=\"_self\"  ><img loading=\"lazy\" decoding=\"async\" width=\"709\" height=\"1016\" src=\"https:\/\/catedra-alberto-benveniste.org\/wp-content\/uploads\/2024\/11\/capa_face.jpg\" class=\"attachment-post-thumbnail size-post-thumbnail wp-post-image\" alt=\"A Comuna Judaica de Leiria. Das origens \u00e0 expuls\u00e3o\" style=\"object-fit:cover;\" srcset=\"https:\/\/catedra-alberto-benveniste.org\/wp-content\/uploads\/2024\/11\/capa_face.jpg 709w, https:\/\/catedra-alberto-benveniste.org\/wp-content\/uploads\/2024\/11\/capa_face-209x300.jpg 209w\" sizes=\"auto, (max-width: 709px) 100vw, 709px\" \/><\/a><\/figure>\n\n\n<div style=\"height:0.5rem\" aria-hidden=\"true\" class=\"wp-block-spacer\"><\/div>\n\n\n<h2 class=\"wp-block-post-title\"><a href=\"https:\/\/catedra-alberto-benveniste.org\/en\/a-comuna-judaica-de-leiria-das-origens-a-expulsao\/\" target=\"_self\" >A Comuna Judaica de Leiria. Das origens \u00e0 expuls\u00e3o<\/a><\/h2>\n<\/li><\/ul><\/div>\n<\/div><\/div>\n\n<\/div><\/div><\/div><\/div>\n\n<\/div><\/div>","protected":false},"excerpt":{"rendered":"<p>Monographic Series The Monographic Series Alberto Benveniste publishes monographs on the Sephardic diaspora, the Iberian Jewish communities, and other related subjects, as well as collective works resulting from the scientific activities organised by CESAB or in partnership with other research centres in Portugal and abroad.<\/p>\n","protected":false},"author":1,"featured_media":0,"parent":9060,"menu_order":0,"comment_status":"closed","ping_status":"closed","template":"","meta":{"footnotes":""},"class_list":["post-9968","page","type-page","status-publish","hentry"],"_links":{"self":[{"href":"https:\/\/catedra-alberto-benveniste.org\/en\/wp-json\/wp\/v2\/pages\/9968","targetHints":{"allow":["GET"]}}],"collection":[{"href":"https:\/\/catedra-alberto-benveniste.org\/en\/wp-json\/wp\/v2\/pages"}],"about":[{"href":"https:\/\/catedra-alberto-benveniste.org\/en\/wp-json\/wp\/v2\/types\/page"}],"author":[{"embeddable":true,"href":"https:\/\/catedra-alberto-benveniste.org\/en\/wp-json\/wp\/v2\/users\/1"}],"replies":[{"embeddable":true,"href":"https:\/\/catedra-alberto-benveniste.org\/en\/wp-json\/wp\/v2\/comments?post=9968"}],"version-history":[{"count":4,"href":"https:\/\/catedra-alberto-benveniste.org\/en\/wp-json\/wp\/v2\/pages\/9968\/revisions"}],"predecessor-version":[{"id":9984,"href":"https:\/\/catedra-alberto-benveniste.org\/en\/wp-json\/wp\/v2\/pages\/9968\/revisions\/9984"}],"up":[{"embeddable":true,"href":"https:\/\/catedra-alberto-benveniste.org\/en\/wp-json\/wp\/v2\/pages\/9060"}],"wp:attachment":[{"href":"https:\/\/catedra-alberto-benveniste.org\/en\/wp-json\/wp\/v2\/media?parent=9968"}],"curies":[{"name":"wp","href":"https:\/\/api.w.org\/{rel}","templated":true}]}}