{"id":9075,"date":"2024-10-16T13:42:09","date_gmt":"2024-10-16T13:42:09","guid":{"rendered":"https:\/\/catedra-alberto-benveniste.org\/projectos\/"},"modified":"2025-05-14T11:49:19","modified_gmt":"2025-05-14T11:49:19","slug":"projectos","status":"publish","type":"page","link":"https:\/\/catedra-alberto-benveniste.org\/en\/projectos\/","title":{"rendered":"Projects"},"content":{"rendered":"<div class=\"kb-row-layout-wrap kb-row-layout-id23_1807e0-46 alignnone wp-block-kadence-rowlayout\"><div class=\"kt-row-column-wrap kt-has-1-columns kt-row-layout-equal kt-tab-layout-inherit kt-mobile-layout-row kt-row-valign-top kb-theme-content-width\">\n\n<div class=\"wp-block-kadence-column kadence-column23_3028f3-08 kb-section-has-overlay\"><div class=\"kt-inside-inner-col\"><h1 style=\"padding-bottom:2rem;margin-left:4rem;\" class=\"wp-block-post-title\">Projects<\/h1><\/div><\/div>\n\n<\/div><\/div><div class=\"kb-row-layout-wrap kb-row-layout-id23_92f688-fa alignnone projectos wp-block-kadence-rowlayout\"><div class=\"kt-row-column-wrap kt-has-1-columns kt-row-layout-equal kt-tab-layout-inherit kt-mobile-layout-row kt-row-valign-top kb-theme-content-width\">\n\n<div class=\"wp-block-kadence-column kadence-column23_95bfdc-22\"><div class=\"kt-inside-inner-col\">\n<div class=\"wp-block-query queryLoop-1Column is-layout-flow wp-block-query-is-layout-flow\"><ul class=\"alignfull wp-block-post-template is-layout-flow wp-container-core-post-template-is-layout-726c4694 wp-block-post-template-is-layout-flow\"><li class=\"wp-block-post post-9513 post type-post status-publish format-standard has-post-thumbnail hentry category-projectos-en\">\n\n<div class=\"wp-block-columns spacer is-layout-flex wp-container-core-columns-is-layout-8dc9b08b wp-block-columns-is-layout-flex\" style=\"margin-top:0;margin-bottom:0\">\n<div class=\"wp-block-column is-layout-flow wp-block-column-is-layout-flow\" style=\"flex-basis:40%\"><figure style=\"height:280px;\" class=\"wp-block-post-featured-image\"><a href=\"https:\/\/catedra-alberto-benveniste.org\/en\/raizes-as-origens-portuguesas-das-elites-sefarditas-norte-americanas-secs-xvii-xviii\/\" target=\"_self\"  style=\"height:280px\"><img loading=\"lazy\" decoding=\"async\" width=\"450\" height=\"450\" src=\"https:\/\/catedra-alberto-benveniste.org\/wp-content\/uploads\/2024\/11\/proj-raizes.png\" class=\"attachment-post-thumbnail size-post-thumbnail wp-post-image\" alt=\"Ra\u00edzes: as origens portuguesas das elites sefarditas Norte-Americanas (s\u00e9cs. XVII-XVIII)\" style=\"height:280px;object-fit:cover;\" srcset=\"https:\/\/catedra-alberto-benveniste.org\/wp-content\/uploads\/2024\/11\/proj-raizes.png 450w, https:\/\/catedra-alberto-benveniste.org\/wp-content\/uploads\/2024\/11\/proj-raizes-300x300.png 300w, https:\/\/catedra-alberto-benveniste.org\/wp-content\/uploads\/2024\/11\/proj-raizes-150x150.png 150w\" sizes=\"auto, (max-width: 450px) 100vw, 450px\" \/><\/a><\/figure><\/div>\n\n\n\n<div class=\"wp-block-column is-layout-flow wp-block-column-is-layout-flow\"><h2 class=\"wp-block-post-title\"><a href=\"https:\/\/catedra-alberto-benveniste.org\/en\/raizes-as-origens-portuguesas-das-elites-sefarditas-norte-americanas-secs-xvii-xviii\/\" target=\"_self\" >Ra\u00edzes: as origens portuguesas das elites sefarditas Norte-Americanas (s\u00e9cs. XVII-XVIII)<\/a><\/h2>\n\n\n<div style=\"height:0.5rem\" aria-hidden=\"true\" class=\"wp-block-spacer\"><\/div>\n\n\n<div class=\"wp-block-post-excerpt\"><p class=\"wp-block-post-excerpt__excerpt\">Ra\u00edzes \u00e9 uma plataforma online que visa a partilha de materiais e ferramentas de trabalho (documenta\u00e7\u00e3o, bibliografias, notas biogr\u00e1ficas, instrumentos de pesquisa,&hellip;<\/p><p class=\"wp-block-post-excerpt__more-text\"><a class=\"wp-block-post-excerpt__more-link\" href=\"https:\/\/catedra-alberto-benveniste.org\/en\/raizes-as-origens-portuguesas-das-elites-sefarditas-norte-americanas-secs-xvii-xviii\/\">Read more<\/a><\/p><\/div><\/div>\n<\/div>\n\n<\/li><li class=\"wp-block-post post-9514 post type-post status-publish format-standard has-post-thumbnail hentry category-projectos-en\">\n\n<div class=\"wp-block-columns spacer is-layout-flex wp-container-core-columns-is-layout-8dc9b08b wp-block-columns-is-layout-flex\" style=\"margin-top:0;margin-bottom:0\">\n<div class=\"wp-block-column is-layout-flow wp-block-column-is-layout-flow\" style=\"flex-basis:40%\"><figure style=\"height:280px;\" class=\"wp-block-post-featured-image\"><a href=\"https:\/\/catedra-alberto-benveniste.org\/en\/projecto-moncoes\/\" target=\"_self\"  style=\"height:280px\"><img loading=\"lazy\" decoding=\"async\" width=\"655\" height=\"631\" src=\"https:\/\/catedra-alberto-benveniste.org\/wp-content\/uploads\/2024\/11\/moncoes.png\" class=\"attachment-post-thumbnail size-post-thumbnail wp-post-image\" alt=\"Project Monsoons\" style=\"height:280px;object-fit:cover;\" \/><\/a><\/figure><\/div>\n\n\n\n<div class=\"wp-block-column is-layout-flow wp-block-column-is-layout-flow\"><h2 class=\"wp-block-post-title\"><a href=\"https:\/\/catedra-alberto-benveniste.org\/en\/projecto-moncoes\/\" target=\"_self\" >Project Monsoons<\/a><\/h2>\n\n\n<div style=\"height:0.5rem\" aria-hidden=\"true\" class=\"wp-block-spacer\"><\/div>\n\n\n<div class=\"wp-block-post-excerpt\"><p class=\"wp-block-post-excerpt__excerpt\">O projecto Mon\u00e7\u00f5es \u2013 Crist\u00e3os-novos, judeus e condenados por juda\u00edsmo na Inquisi\u00e7\u00e3o de Goa procura resgatar as experi\u00eancias individuais e colectivas&#8230;<\/p><p class=\"wp-block-post-excerpt__more-text\"><a class=\"wp-block-post-excerpt__more-link\" href=\"https:\/\/catedra-alberto-benveniste.org\/en\/projecto-moncoes\/\">Read more<\/a><\/p><\/div><\/div>\n<\/div>\n\n<\/li><li class=\"wp-block-post post-9515 post type-post status-publish format-standard has-post-thumbnail hentry category-projectos-en\">\n\n<div class=\"wp-block-columns spacer is-layout-flex wp-container-core-columns-is-layout-8dc9b08b wp-block-columns-is-layout-flex\" style=\"margin-top:0;margin-bottom:0\">\n<div class=\"wp-block-column is-layout-flow wp-block-column-is-layout-flow\" style=\"flex-basis:40%\"><figure style=\"height:280px;\" class=\"wp-block-post-featured-image\"><a href=\"https:\/\/catedra-alberto-benveniste.org\/en\/projecto-praying-to-the-god-of-israel\/\" target=\"_self\"  style=\"height:280px\"><img loading=\"lazy\" decoding=\"async\" width=\"450\" height=\"450\" src=\"https:\/\/catedra-alberto-benveniste.org\/wp-content\/uploads\/2024\/11\/proj-praying.png\" class=\"attachment-post-thumbnail size-post-thumbnail wp-post-image\" alt=\"Praying to the God of Israel\" style=\"height:280px;object-fit:cover;\" srcset=\"https:\/\/catedra-alberto-benveniste.org\/wp-content\/uploads\/2024\/11\/proj-praying.png 450w, https:\/\/catedra-alberto-benveniste.org\/wp-content\/uploads\/2024\/11\/proj-praying-300x300.png 300w, https:\/\/catedra-alberto-benveniste.org\/wp-content\/uploads\/2024\/11\/proj-praying-150x150.png 150w\" sizes=\"auto, (max-width: 450px) 100vw, 450px\" \/><\/a><\/figure><\/div>\n\n\n\n<div class=\"wp-block-column is-layout-flow wp-block-column-is-layout-flow\"><h2 class=\"wp-block-post-title\"><a href=\"https:\/\/catedra-alberto-benveniste.org\/en\/projecto-praying-to-the-god-of-israel\/\" target=\"_self\" >Praying to the God of Israel<\/a><\/h2>\n\n\n<div style=\"height:0.5rem\" aria-hidden=\"true\" class=\"wp-block-spacer\"><\/div>\n\n\n<div class=\"wp-block-post-excerpt\"><p class=\"wp-block-post-excerpt__excerpt\">Praying to the God of Israel according to the Portuguese Tradition (16th-18th centuries) is a project funded by the C\u00e1tedra de Estudos&hellip;<\/p><p class=\"wp-block-post-excerpt__more-text\"><a class=\"wp-block-post-excerpt__more-link\" href=\"https:\/\/catedra-alberto-benveniste.org\/en\/projecto-praying-to-the-god-of-israel\/\">Read more<\/a><\/p><\/div><\/div>\n<\/div>\n\n<\/li><li class=\"wp-block-post post-9516 post type-post status-publish format-standard hentry category-projectos-en\">\n\n<div class=\"wp-block-columns spacer is-layout-flex wp-container-core-columns-is-layout-8dc9b08b wp-block-columns-is-layout-flex\" style=\"margin-top:0;margin-bottom:0\">\n<div class=\"wp-block-column is-layout-flow wp-block-column-is-layout-flow\" style=\"flex-basis:40%\"><\/div>\n\n\n\n<div class=\"wp-block-column is-layout-flow wp-block-column-is-layout-flow\"><h2 class=\"wp-block-post-title\"><a href=\"https:\/\/catedra-alberto-benveniste.org\/en\/dicionario-historico-dos-sefarditas-portugueses-homens-de-cultura-e-de-ciencia\/\" target=\"_self\" >Dicion\u00e1rio Hist\u00f3rico dos Sefarditas Portugueses (Homens de Cultura e de Ci\u00eancia)<\/a><\/h2>\n\n\n<div style=\"height:0.5rem\" aria-hidden=\"true\" class=\"wp-block-spacer\"><\/div>\n\n\n<div class=\"wp-block-post-excerpt\"><p class=\"wp-block-post-excerpt__excerpt\">O Projecto resume-se na organiza\u00e7\u00e3o de uma pesquisa cient\u00edfica tendo em vista a recolha e sistematiza\u00e7\u00e3o de materiais bio-bibliogr\u00e1ficos relativos aos mais&hellip;<\/p><p class=\"wp-block-post-excerpt__more-text\"><a class=\"wp-block-post-excerpt__more-link\" href=\"https:\/\/catedra-alberto-benveniste.org\/en\/dicionario-historico-dos-sefarditas-portugueses-homens-de-cultura-e-de-ciencia\/\">Read more<\/a><\/p><\/div><\/div>\n<\/div>\n\n<\/li><li class=\"wp-block-post post-9517 post type-post status-publish format-standard hentry category-projectos-en\">\n\n<div class=\"wp-block-columns spacer is-layout-flex wp-container-core-columns-is-layout-8dc9b08b wp-block-columns-is-layout-flex\" style=\"margin-top:0;margin-bottom:0\">\n<div class=\"wp-block-column is-layout-flow wp-block-column-is-layout-flow\" style=\"flex-basis:40%\"><\/div>\n\n\n\n<div class=\"wp-block-column is-layout-flow wp-block-column-is-layout-flow\"><h2 class=\"wp-block-post-title\"><a href=\"https:\/\/catedra-alberto-benveniste.org\/en\/dicionario-dos-italianos-estantes-em-portugal-terminado-em-edicao-na-area-de-dicionarios\/\" target=\"_self\" >Dicion\u00e1rio dos Italianos estantes em Portugal &#8211; TERMINADO &#8211; EM EDI\u00c7\u00c3O NA \u00c1REA DE \u00abDICION\u00c1RIOS\u00bb<\/a><\/h2>\n\n\n<div style=\"height:0.5rem\" aria-hidden=\"true\" class=\"wp-block-spacer\"><\/div>\n\n\n<div class=\"wp-block-post-excerpt\"><p class=\"wp-block-post-excerpt__excerpt\">Resumo do Projecto \/ Project Summary Este Projecto traduz-se na organiza\u00e7\u00e3o de uma pesquisa cient\u00edfica tendo em vista a recolha e sistematiza\u00e7\u00e3o&hellip;<\/p><p class=\"wp-block-post-excerpt__more-text\"><a class=\"wp-block-post-excerpt__more-link\" href=\"https:\/\/catedra-alberto-benveniste.org\/en\/dicionario-dos-italianos-estantes-em-portugal-terminado-em-edicao-na-area-de-dicionarios\/\">Read more<\/a><\/p><\/div><\/div>\n<\/div>\n\n<\/li><li class=\"wp-block-post post-9518 post type-post status-publish format-standard hentry category-projectos-en\">\n\n<div class=\"wp-block-columns spacer is-layout-flex wp-container-core-columns-is-layout-8dc9b08b wp-block-columns-is-layout-flex\" style=\"margin-top:0;margin-bottom:0\">\n<div class=\"wp-block-column is-layout-flow wp-block-column-is-layout-flow\" style=\"flex-basis:40%\"><\/div>\n\n\n\n<div class=\"wp-block-column is-layout-flow wp-block-column-is-layout-flow\"><h2 class=\"wp-block-post-title\"><a href=\"https:\/\/catedra-alberto-benveniste.org\/en\/entre-portugal-y-flandres-integracion-de-territorios-para-un-desafio-global-1580-1665\/\" target=\"_self\" >Entre Portugal y Flandres: integraci\u00f3n de territorios para un desafio global (1580-1665)<\/a><\/h2>\n\n\n<div style=\"height:0.5rem\" aria-hidden=\"true\" class=\"wp-block-spacer\"><\/div>\n\n\n<div class=\"wp-block-post-excerpt\"><p class=\"wp-block-post-excerpt__excerpt\">Acaba de ser aprobvado, decorrente da propositura, ao Minist\u00e9rio da Ci\u00eancia de Espanha, do Projecto em ep\u00edgrafe liderado pelo Prof. Juan Ignacio&hellip;<\/p><p class=\"wp-block-post-excerpt__more-text\"><a class=\"wp-block-post-excerpt__more-link\" href=\"https:\/\/catedra-alberto-benveniste.org\/en\/entre-portugal-y-flandres-integracion-de-territorios-para-un-desafio-global-1580-1665\/\">Read more<\/a><\/p><\/div><\/div>\n<\/div>\n\n<\/li><li class=\"wp-block-post post-9519 post type-post status-publish format-standard has-post-thumbnail hentry category-projectos-en\">\n\n<div class=\"wp-block-columns spacer is-layout-flex wp-container-core-columns-is-layout-8dc9b08b wp-block-columns-is-layout-flex\" style=\"margin-top:0;margin-bottom:0\">\n<div class=\"wp-block-column is-layout-flow wp-block-column-is-layout-flow\" style=\"flex-basis:40%\"><figure style=\"height:280px;\" class=\"wp-block-post-featured-image\"><a href=\"https:\/\/catedra-alberto-benveniste.org\/en\/hebrew-illumination-in-portugal-during-the-15th-century\/\" target=\"_self\"  style=\"height:280px\"><img loading=\"lazy\" decoding=\"async\" width=\"322\" height=\"175\" src=\"https:\/\/catedra-alberto-benveniste.org\/wp-content\/uploads\/2024\/11\/1680317_orig2.jpg\" class=\"attachment-post-thumbnail size-post-thumbnail wp-post-image\" alt=\"Hebrew illumination in Portugal during the 15th century\" style=\"height:280px;object-fit:cover;\" srcset=\"https:\/\/catedra-alberto-benveniste.org\/wp-content\/uploads\/2024\/11\/1680317_orig2.jpg 322w, https:\/\/catedra-alberto-benveniste.org\/wp-content\/uploads\/2024\/11\/1680317_orig2-300x163.jpg 300w\" sizes=\"auto, (max-width: 322px) 100vw, 322px\" \/><\/a><\/figure><\/div>\n\n\n\n<div class=\"wp-block-column is-layout-flow wp-block-column-is-layout-flow\"><h2 class=\"wp-block-post-title\"><a href=\"https:\/\/catedra-alberto-benveniste.org\/en\/hebrew-illumination-in-portugal-during-the-15th-century\/\" target=\"_self\" >Hebrew illumination in Portugal during the 15th century<\/a><\/h2>\n\n\n<div style=\"height:0.5rem\" aria-hidden=\"true\" class=\"wp-block-spacer\"><\/div>\n\n\n<div class=\"wp-block-post-excerpt\"><p class=\"wp-block-post-excerpt__excerpt\">Throughout the Middle Ages, Portugal was the home of several Jewish communities. Despite the fact that the coexistence with the Christian majority&hellip;<\/p><p class=\"wp-block-post-excerpt__more-text\"><a class=\"wp-block-post-excerpt__more-link\" href=\"https:\/\/catedra-alberto-benveniste.org\/en\/hebrew-illumination-in-portugal-during-the-15th-century\/\">Read more<\/a><\/p><\/div><\/div>\n<\/div>\n\n<\/li><li class=\"wp-block-post post-9520 post type-post status-publish format-standard has-post-thumbnail hentry category-projectos-en\">\n\n<div class=\"wp-block-columns spacer is-layout-flex wp-container-core-columns-is-layout-8dc9b08b wp-block-columns-is-layout-flex\" style=\"margin-top:0;margin-bottom:0\">\n<div class=\"wp-block-column is-layout-flow wp-block-column-is-layout-flow\" style=\"flex-basis:40%\"><figure style=\"height:280px;\" class=\"wp-block-post-featured-image\"><a href=\"https:\/\/catedra-alberto-benveniste.org\/en\/catalogacao-dos-manuscritos-portugueses-da-biblioteca-ets-haim-montesinos\/\" target=\"_self\"  style=\"height:280px\"><img loading=\"lazy\" decoding=\"async\" width=\"221\" height=\"106\" src=\"https:\/\/catedra-alberto-benveniste.org\/wp-content\/uploads\/2024\/11\/etshaimlogo2.jpg\" class=\"attachment-post-thumbnail size-post-thumbnail wp-post-image\" alt=\"Cataloga\u00e7\u00e3o dos manuscritos portugueses da Biblioteca Ets Haim (Montesinos)\" style=\"height:280px;object-fit:cover;\" \/><\/a><\/figure><\/div>\n\n\n\n<div class=\"wp-block-column is-layout-flow wp-block-column-is-layout-flow\"><h2 class=\"wp-block-post-title\"><a href=\"https:\/\/catedra-alberto-benveniste.org\/en\/catalogacao-dos-manuscritos-portugueses-da-biblioteca-ets-haim-montesinos\/\" target=\"_self\" >Cataloga\u00e7\u00e3o dos manuscritos portugueses da Biblioteca Ets Haim (Montesinos)<\/a><\/h2>\n\n\n<div style=\"height:0.5rem\" aria-hidden=\"true\" class=\"wp-block-spacer\"><\/div>\n\n\n<div class=\"wp-block-post-excerpt\"><p class=\"wp-block-post-excerpt__excerpt\">Com financiamento da Funda\u00e7\u00e3o Calouste Gulbenkian, a equipa de investiga\u00e7\u00e3o da C\u00e1tedra \u00abAlberto Benveniste\u00bb encontra-se a fazer a cataloga\u00e7\u00e3o de cerca de&hellip;<\/p><p class=\"wp-block-post-excerpt__more-text\"><a class=\"wp-block-post-excerpt__more-link\" href=\"https:\/\/catedra-alberto-benveniste.org\/en\/catalogacao-dos-manuscritos-portugueses-da-biblioteca-ets-haim-montesinos\/\">Read more<\/a><\/p><\/div><\/div>\n<\/div>\n\n<\/li><\/ul><\/div>\n<\/div><\/div>\n\n<\/div><\/div>","protected":false},"excerpt":{"rendered":"","protected":false},"author":1,"featured_media":0,"parent":0,"menu_order":0,"comment_status":"closed","ping_status":"closed","template":"","meta":{"footnotes":""},"class_list":["post-9075","page","type-page","status-publish","hentry"],"_links":{"self":[{"href":"https:\/\/catedra-alberto-benveniste.org\/en\/wp-json\/wp\/v2\/pages\/9075","targetHints":{"allow":["GET"]}}],"collection":[{"href":"https:\/\/catedra-alberto-benveniste.org\/en\/wp-json\/wp\/v2\/pages"}],"about":[{"href":"https:\/\/catedra-alberto-benveniste.org\/en\/wp-json\/wp\/v2\/types\/page"}],"author":[{"embeddable":true,"href":"https:\/\/catedra-alberto-benveniste.org\/en\/wp-json\/wp\/v2\/users\/1"}],"replies":[{"embeddable":true,"href":"https:\/\/catedra-alberto-benveniste.org\/en\/wp-json\/wp\/v2\/comments?post=9075"}],"version-history":[{"count":9,"href":"https:\/\/catedra-alberto-benveniste.org\/en\/wp-json\/wp\/v2\/pages\/9075\/revisions"}],"predecessor-version":[{"id":10771,"href":"https:\/\/catedra-alberto-benveniste.org\/en\/wp-json\/wp\/v2\/pages\/9075\/revisions\/10771"}],"wp:attachment":[{"href":"https:\/\/catedra-alberto-benveniste.org\/en\/wp-json\/wp\/v2\/media?parent=9075"}],"curies":[{"name":"wp","href":"https:\/\/api.w.org\/{rel}","templated":true}]}}