{"id":9064,"date":"2024-11-14T20:44:08","date_gmt":"2024-11-14T20:44:08","guid":{"rendered":"https:\/\/catedra-alberto-benveniste.org\/terms-and-conditions\/"},"modified":"2024-11-26T16:19:46","modified_gmt":"2024-11-26T16:19:46","slug":"termos-e-condicoes","status":"publish","type":"page","link":"https:\/\/catedra-alberto-benveniste.org\/en\/termos-e-condicoes\/","title":{"rendered":"Termos e Condi\u00e7\u00f5es"},"content":{"rendered":"<div class=\"kb-row-layout-wrap kb-row-layout-id8026_727b72-3a alignnone wp-block-kadence-rowlayout\"><div class=\"kt-row-column-wrap kt-has-1-columns kt-row-layout-equal kt-tab-layout-inherit kt-mobile-layout-row kt-row-valign-top kb-theme-content-width\">\n\n<div class=\"wp-block-kadence-column kadence-column8026_1af5c2-ca kb-section-has-overlay\"><div class=\"kt-inside-inner-col\"><h1 style=\"padding-bottom:2rem;margin-left:4rem;\" class=\"wp-block-post-title\">Termos e Condi\u00e7\u00f5es<\/h1><\/div><\/div>\n\n<\/div><\/div>\n\n<div class=\"kb-row-layout-wrap kb-row-layout-id8026_c133cc-cd alignnone edicoes wp-block-kadence-rowlayout\"><div class=\"kt-row-column-wrap kt-has-1-columns kt-row-layout-equal kt-tab-layout-inherit kt-mobile-layout-row kt-row-valign-top kb-theme-content-width\">\n\n<div class=\"wp-block-kadence-column kadence-column8026_efe025-a5\"><div class=\"kt-inside-inner-col\">\n<p>Todos os direitos relativos a este <em>website<\/em> s\u00e3o propriedade da C\u00e1tedra de Estudos Sefarditas Alberto Benveniste, bem como os conte\u00fados aqui publicados, salvo men\u00e7\u00e3o em contr\u00e1rio.<\/p>\n\n\n\n<div style=\"height:1rem\" aria-hidden=\"true\" class=\"wp-block-spacer\"><\/div>\n\n\n\n<p>O <em>website<\/em> da C\u00e1tedra pode conter <em>links<\/em> para <em>sites<\/em> de terceiros, que s\u00e3o oferecidos apenas como conveni\u00eancia para os utilizadores. A C\u00e1tedra n\u00e3o se responsabiliza pelo conte\u00fado, pol\u00edticas de privacidade ou pr\u00e1ticas desses <em>sites<\/em>.&nbsp;<\/p>\n\n\n\n<div style=\"height:1rem\" aria-hidden=\"true\" class=\"wp-block-spacer\"><\/div>\n\n\n\n<p>Em conformidade com o Regulamento Geral de Prote\u00e7\u00e3o de Dados, os dados pessoais recolhidos s\u00e3o utilizados estritamente para a finalidade de contacto solicitada, n\u00e3o sendo transmitidos a terceiros.<\/p>\n\n\n\n<div style=\"height:1rem\" aria-hidden=\"true\" class=\"wp-block-spacer\"><\/div>\n\n\n\n<p>A C\u00e1tedra de Estudos Sefarditas Alberto Benveniste n\u00e3o se responsabiliza por quaisquer danos que possam decorrer da informa\u00e7\u00e3o contida neste <em>website<\/em>, ou em p\u00e1ginas para as quais remeta, por hiperliga\u00e7\u00f5es ou outros meios, bem como do uso dos <em>sites<\/em> mencionados.<\/p>\n\n\n\n<div style=\"height:1rem\" aria-hidden=\"true\" class=\"wp-block-spacer\"><\/div>\n\n\n\n<p>A C\u00e1tedra de Estudos Sefarditas Alberto Benveniste reserva-se o direito de alterar, suspender ou interromper o funcionamento do <em>website<\/em>, sem aviso pr\u00e9vio, a qualquer momento.<\/p>\n\n\n\n<div style=\"height:1rem\" aria-hidden=\"true\" class=\"wp-block-spacer\"><\/div>\n\n\n\n<p>Remete-se para a legisla\u00e7\u00e3o em vigor, nomeadamente o C\u00f3digo dos Direitos de Autor e dos Direitos Conexos e o C\u00f3digo da Propriedade Industrial, entre outros.<\/p>\n<\/div><\/div>\n\n<\/div><\/div>","protected":false},"excerpt":{"rendered":"<p>Todos os direitos relativos a este website s\u00e3o propriedade da C\u00e1tedra de Estudos Sefarditas Alberto Benveniste, bem como os conte\u00fados aqui publicados, salvo men\u00e7\u00e3o em contr\u00e1rio. O website da C\u00e1tedra pode conter links para sites de terceiros, que s\u00e3o oferecidos apenas como conveni\u00eancia para os utilizadores. A C\u00e1tedra n\u00e3o se responsabiliza pelo conte\u00fado, pol\u00edticas de [&hellip;]<\/p>\n","protected":false},"author":1,"featured_media":0,"parent":0,"menu_order":0,"comment_status":"closed","ping_status":"closed","template":"","meta":{"footnotes":""},"class_list":["post-9064","page","type-page","status-publish","hentry"],"_links":{"self":[{"href":"https:\/\/catedra-alberto-benveniste.org\/en\/wp-json\/wp\/v2\/pages\/9064","targetHints":{"allow":["GET"]}}],"collection":[{"href":"https:\/\/catedra-alberto-benveniste.org\/en\/wp-json\/wp\/v2\/pages"}],"about":[{"href":"https:\/\/catedra-alberto-benveniste.org\/en\/wp-json\/wp\/v2\/types\/page"}],"author":[{"embeddable":true,"href":"https:\/\/catedra-alberto-benveniste.org\/en\/wp-json\/wp\/v2\/users\/1"}],"replies":[{"embeddable":true,"href":"https:\/\/catedra-alberto-benveniste.org\/en\/wp-json\/wp\/v2\/comments?post=9064"}],"version-history":[{"count":4,"href":"https:\/\/catedra-alberto-benveniste.org\/en\/wp-json\/wp\/v2\/pages\/9064\/revisions"}],"predecessor-version":[{"id":9378,"href":"https:\/\/catedra-alberto-benveniste.org\/en\/wp-json\/wp\/v2\/pages\/9064\/revisions\/9378"}],"wp:attachment":[{"href":"https:\/\/catedra-alberto-benveniste.org\/en\/wp-json\/wp\/v2\/media?parent=9064"}],"curies":[{"name":"wp","href":"https:\/\/api.w.org\/{rel}","templated":true}]}}