{"id":9062,"date":"2024-10-16T13:40:55","date_gmt":"2024-10-16T13:40:55","guid":{"rendered":"https:\/\/catedra-alberto-benveniste.org\/about-us\/"},"modified":"2026-04-20T11:05:51","modified_gmt":"2026-04-20T11:05:51","slug":"about-us","status":"publish","type":"page","link":"https:\/\/catedra-alberto-benveniste.org\/en\/about-us\/","title":{"rendered":"About Us"},"content":{"rendered":"<div class=\"kb-row-layout-wrap kb-row-layout-id11_009ff3-af alignnone wp-block-kadence-rowlayout\"><div class=\"kt-row-column-wrap kt-has-1-columns kt-row-layout-equal kt-tab-layout-inherit kt-mobile-layout-row kt-row-valign-top kb-theme-content-width\">\n\n<div class=\"wp-block-kadence-column kadence-column11_cf4907-e0 kb-section-has-overlay\"><div class=\"kt-inside-inner-col\"><h1 style=\"padding-bottom:2rem;margin-left:4rem;\" class=\"wp-block-post-title\">About Us<\/h1><\/div><\/div>\n\n<\/div><\/div><div class=\"kb-row-layout-wrap kb-row-layout-id11_80817d-ec alignnone sobre-nos wp-block-kadence-rowlayout\"><div class=\"kt-row-column-wrap kt-has-1-columns kt-row-layout-equal kt-tab-layout-inherit kt-mobile-layout-row kt-row-valign-top kb-theme-content-width\">\n\n<div class=\"wp-block-kadence-column kadence-column11_2389cc-54\"><div class=\"kt-inside-inner-col\"><div class=\"kb-row-layout-wrap kb-row-layout-id11_12ee6f-1b alignnone wp-block-kadence-rowlayout\"><div class=\"kt-row-column-wrap kt-has-1-columns kt-row-layout-equal kt-tab-layout-inherit kt-mobile-layout-row kt-row-valign-top\">\n\n<div class=\"wp-block-kadence-column kadence-column11_d23507-f1\"><div class=\"kt-inside-inner-col\">\n<p>A Newsletter CESAB \u00e9 um boletim informativo sobre as actividades e projectos desenvolvidos pela C\u00e1tedra de Estudos Sefarditas Alberto Benveniste. Nas suas p\u00e1ginas, tamb\u00e9m divulgamos as mais recentes edi\u00e7\u00f5es, bem como as iniciativas que contaram com a participa\u00e7\u00e3o e\/ou organiza\u00e7\u00e3o dos investigadores do centro. <\/p>\n\n\n\n<p>This site is a vehicle for the dissemination of the work developed by CESAB and its researchers.<\/p>\n<\/div><\/div>\n\n<\/div><\/div>\n\n<div class=\"kb-row-layout-wrap kb-row-layout-id11_7bdcee-76 alignnone wp-block-kadence-rowlayout\"><div class=\"kt-row-column-wrap kt-has-1-columns kt-row-layout-equal kt-tab-layout-inherit kt-mobile-layout-row kt-row-valign-top\">\n\n<div class=\"wp-block-kadence-column kadence-column11_8e8d1b-b4\"><div class=\"kt-inside-inner-col\">\n<h2 class=\"wp-block-heading\">Structure<\/h2>\n\n\n<div class=\"kb-row-layout-wrap kb-row-layout-id11_e20bdf-e4 alignnone paragraph_m-0 wp-block-kadence-rowlayout\"><div class=\"kt-row-column-wrap kt-has-3-columns kt-row-layout-equal kt-tab-layout-inherit kt-mobile-layout-row kt-row-valign-top\">\n\n<div class=\"wp-block-kadence-column kadence-column11_bb55de-d1\"><div class=\"kt-inside-inner-col\">\n<p><strong>Director<\/strong><\/p>\n\n\n\n<p>Maria de F\u00e1tima Reis<\/p>\n<\/div><\/div>\n\n\n\n<div class=\"wp-block-kadence-column kadence-column11_1a8ec9-44\"><div class=\"kt-inside-inner-col\">\n<p><strong>Monitoring Committee<\/strong><\/p>\n\n\n\n<p>Serge Marcos de Benveniste<\/p>\n\n\n\n<p>Monique Marcos de Benveniste<\/p>\n\n\n\n<p>Maria de F\u00e1tima Reis<\/p>\n<\/div><\/div>\n\n\n\n<div class=\"wp-block-kadence-column kadence-column11_2e9625-5d\"><div class=\"kt-inside-inner-col\">\n<p><strong>Scientific Committee<\/strong><\/p>\n\n\n\n<p>Ant\u00f3nio Andrade<\/p>\n\n\n\n<p>Jo\u00e3o Cosme<\/p>\n\n\n\n<p>Jos\u00e9 da Silva Horta<\/p>\n\n\n\n<p>Maria de F\u00e1tima Reis<\/p>\n<\/div><\/div>\n\n<\/div><\/div>\n\n<div class=\"kb-row-layout-wrap kb-row-layout-id11_4dd5b2-00 alignnone paragraph_m-0 wp-block-kadence-rowlayout\"><div class=\"kt-row-column-wrap kt-has-3-columns kt-row-layout-equal kt-tab-layout-inherit kt-mobile-layout-row kt-row-valign-top\">\n\n<div class=\"wp-block-kadence-column kadence-column11_ddffd2-af\"><div class=\"kt-inside-inner-col\">\n<p><strong>Editorial Committee<\/strong><\/p>\n\n\n\n<p>Ant\u00f3nio Andrade<\/p>\n\n\n\n<p>B\u00e9atrice Perez<\/p>\n\n\n\n<p>Bruno Feitler<\/p>\n\n\n\n<p>Claude Stuczynski<\/p>\n\n\n\n<p>Fernanda Olival<\/p>\n\n\n\n<p>Filipa Ribeiro da Silva<\/p>\n\n\n\n<p>Francesco Guidi-Bruscoli<\/p>\n\n\n\n<p>Fran\u00e7ois Soyer<\/p>\n\n\n\n<p>Jaqueline Vassallo<\/p>\n<\/div><\/div>\n\n\n\n<div class=\"wp-block-kadence-column kadence-column11_0ae48f-ee\"><div class=\"kt-inside-inner-col\">\n<p><strong>Researchers<\/strong><\/p>\n\n\n\n<p>Angelo Adriano Faria de Assis<\/p>\n\n\n\n<p>Carla Vieira<\/p>\n\n\n\n<p>Fernando Pancorbo<\/p>\n\n\n\n<p>Maria de F\u00e1tima Reis<\/p>\n\n\n\n<p>Miguel Rodrigues Louren\u00e7o<\/p>\n\n\n\n<p>Susana Bastos Mateus<\/p>\n<\/div><\/div>\n\n\n\n<div class=\"wp-block-kadence-column kadence-column11_adff59-53\"><div class=\"kt-inside-inner-col\">\n<p><strong>Collaborators<\/strong><\/p>\n\n\n\n<p>James Nelson Novoa<\/p>\n\n\n\n<p>Maria Fernanda Guimar\u00e3es<\/p>\n\n\n\n<p>Paulo Mendes Pinto<\/p>\n<\/div><\/div>\n\n<\/div><\/div><\/div><\/div>\n\n<\/div><\/div>\n\n<div class=\"kb-row-layout-wrap kb-row-layout-id11_519b71-ba alignnone wp-block-kadence-rowlayout\"><div class=\"kt-row-column-wrap kt-has-1-columns kt-row-layout-equal kt-tab-layout-inherit kt-mobile-layout-row kt-row-valign-top\">\n\n<div class=\"wp-block-kadence-column kadence-column11_864961-ac\"><div class=\"kt-inside-inner-col\">\n<h2 class=\"wp-block-heading\">CESAB Editions<\/h2>\n\n\n<div class=\"kb-row-layout-wrap kb-row-layout-id11_22b77e-ae alignnone wp-block-kadence-rowlayout\"><div class=\"kt-row-column-wrap kt-has-4-columns kt-row-layout-equal kt-tab-layout-inherit kt-mobile-layout-row kt-row-valign-top\">\n\n<div class=\"wp-block-kadence-column kadence-column11_39b8eb-0d\"><div class=\"kt-inside-inner-col\">\n<figure class=\"wp-block-image size-full\"><a href=\"cadernos-de-estudos-sefarditas\"><img loading=\"lazy\" decoding=\"async\" width=\"700\" height=\"700\" src=\"https:\/\/catedra-alberto-benveniste.org\/wp-content\/uploads\/2024\/11\/edicoes-cadernos.jpg\" alt=\"\" class=\"wp-image-6046\" srcset=\"https:\/\/catedra-alberto-benveniste.org\/wp-content\/uploads\/2024\/11\/edicoes-cadernos.jpg 700w, https:\/\/catedra-alberto-benveniste.org\/wp-content\/uploads\/2024\/11\/edicoes-cadernos-300x300.jpg 300w, https:\/\/catedra-alberto-benveniste.org\/wp-content\/uploads\/2024\/11\/edicoes-cadernos-150x150.jpg 150w\" sizes=\"auto, (max-width: 700px) 100vw, 700px\" \/><\/a><\/figure>\n<\/div><\/div>\n\n\n\n<div class=\"wp-block-kadence-column kadence-column11_dac388-83\"><div class=\"kt-inside-inner-col\">\n<figure class=\"wp-block-image size-full\"><a href=\"colecao-usque\"><img loading=\"lazy\" decoding=\"async\" width=\"698\" height=\"700\" src=\"https:\/\/catedra-alberto-benveniste.org\/wp-content\/uploads\/2024\/11\/edicoes-usque.jpg\" alt=\"\" class=\"wp-image-6049\" srcset=\"https:\/\/catedra-alberto-benveniste.org\/wp-content\/uploads\/2024\/11\/edicoes-usque.jpg 698w, https:\/\/catedra-alberto-benveniste.org\/wp-content\/uploads\/2024\/11\/edicoes-usque-300x300.jpg 300w, https:\/\/catedra-alberto-benveniste.org\/wp-content\/uploads\/2024\/11\/edicoes-usque-150x150.jpg 150w\" sizes=\"auto, (max-width: 698px) 100vw, 698px\" \/><\/a><\/figure>\n<\/div><\/div>\n\n\n\n<div class=\"wp-block-kadence-column kadence-column11_d20fd5-1e\"><div class=\"kt-inside-inner-col\">\n<figure class=\"wp-block-image size-full\"><a href=\"serie-monografica\"><img loading=\"lazy\" decoding=\"async\" width=\"700\" height=\"700\" src=\"https:\/\/catedra-alberto-benveniste.org\/wp-content\/uploads\/2024\/11\/edicoes-monograf.jpg\" alt=\"\" class=\"wp-image-6047\" srcset=\"https:\/\/catedra-alberto-benveniste.org\/wp-content\/uploads\/2024\/11\/edicoes-monograf.jpg 700w, https:\/\/catedra-alberto-benveniste.org\/wp-content\/uploads\/2024\/11\/edicoes-monograf-300x300.jpg 300w, https:\/\/catedra-alberto-benveniste.org\/wp-content\/uploads\/2024\/11\/edicoes-monograf-150x150.jpg 150w\" sizes=\"auto, (max-width: 700px) 100vw, 700px\" \/><\/a><\/figure>\n<\/div><\/div>\n\n\n\n<div class=\"wp-block-kadence-column kadence-column11_2007f2-60\"><div class=\"kt-inside-inner-col\">\n<figure class=\"wp-block-image size-full\"><a href=\"newsletter-cesab\"><img loading=\"lazy\" decoding=\"async\" width=\"700\" height=\"700\" src=\"https:\/\/catedra-alberto-benveniste.org\/wp-content\/uploads\/2024\/11\/edicoes-newsletter.jpg\" alt=\"\" class=\"wp-image-6048\" srcset=\"https:\/\/catedra-alberto-benveniste.org\/wp-content\/uploads\/2024\/11\/edicoes-newsletter.jpg 700w, https:\/\/catedra-alberto-benveniste.org\/wp-content\/uploads\/2024\/11\/edicoes-newsletter-300x300.jpg 300w, https:\/\/catedra-alberto-benveniste.org\/wp-content\/uploads\/2024\/11\/edicoes-newsletter-150x150.jpg 150w\" sizes=\"auto, (max-width: 700px) 100vw, 700px\" \/><\/a><\/figure>\n<\/div><\/div>\n\n<\/div><\/div><\/div><\/div>\n\n<\/div><\/div>\n\n<div class=\"kb-row-layout-wrap kb-row-layout-id11_b58591-2e alignnone wp-block-kadence-rowlayout\"><div class=\"kt-row-column-wrap kt-has-1-columns kt-row-layout-equal kt-tab-layout-inherit kt-mobile-layout-row kt-row-valign-top\">\n\n<div class=\"wp-block-kadence-column kadence-column11_30042e-31\"><div class=\"kt-inside-inner-col\">\n<h2 class=\"wp-block-heading\">Ongoing projects<\/h2>\n\n\n\n<div class=\"wp-block-query queryLoop-3Column is-layout-flow wp-block-query-is-layout-flow\"><ul class=\"columns-3 alignfull wp-block-post-template is-layout-grid wp-container-core-post-template-is-layout-2d080239 wp-block-post-template-is-layout-grid\"><li class=\"wp-block-post post-9513 post type-post status-publish format-standard has-post-thumbnail hentry category-projectos-en\">\n<figure class=\"wp-block-post-featured-image\"><a href=\"https:\/\/catedra-alberto-benveniste.org\/en\/raizes-as-origens-portuguesas-das-elites-sefarditas-norte-americanas-secs-xvii-xviii\/\" target=\"_self\"  ><img loading=\"lazy\" decoding=\"async\" width=\"450\" height=\"450\" src=\"https:\/\/catedra-alberto-benveniste.org\/wp-content\/uploads\/2024\/11\/proj-raizes.png\" class=\"attachment-post-thumbnail size-post-thumbnail wp-post-image\" alt=\"Ra\u00edzes: as origens portuguesas das elites sefarditas Norte-Americanas (s\u00e9cs. XVII-XVIII)\" style=\"object-fit:cover;\" srcset=\"https:\/\/catedra-alberto-benveniste.org\/wp-content\/uploads\/2024\/11\/proj-raizes.png 450w, https:\/\/catedra-alberto-benveniste.org\/wp-content\/uploads\/2024\/11\/proj-raizes-300x300.png 300w, https:\/\/catedra-alberto-benveniste.org\/wp-content\/uploads\/2024\/11\/proj-raizes-150x150.png 150w\" sizes=\"auto, (max-width: 450px) 100vw, 450px\" \/><\/a><\/figure>\n<\/li><li class=\"wp-block-post post-9514 post type-post status-publish format-standard has-post-thumbnail hentry category-projectos-en\">\n<figure class=\"wp-block-post-featured-image\"><a href=\"https:\/\/catedra-alberto-benveniste.org\/en\/projecto-moncoes\/\" target=\"_self\"  ><img loading=\"lazy\" decoding=\"async\" width=\"655\" height=\"631\" src=\"https:\/\/catedra-alberto-benveniste.org\/wp-content\/uploads\/2024\/11\/moncoes.png\" class=\"attachment-post-thumbnail size-post-thumbnail wp-post-image\" alt=\"Project Monsoons\" style=\"object-fit:cover;\" \/><\/a><\/figure>\n<\/li><li class=\"wp-block-post post-9515 post type-post status-publish format-standard has-post-thumbnail hentry category-projectos-en\">\n<figure class=\"wp-block-post-featured-image\"><a href=\"https:\/\/catedra-alberto-benveniste.org\/en\/projecto-praying-to-the-god-of-israel\/\" target=\"_self\"  ><img loading=\"lazy\" decoding=\"async\" width=\"450\" height=\"450\" src=\"https:\/\/catedra-alberto-benveniste.org\/wp-content\/uploads\/2024\/11\/proj-praying.png\" class=\"attachment-post-thumbnail size-post-thumbnail wp-post-image\" alt=\"Praying to the God of Israel\" style=\"object-fit:cover;\" srcset=\"https:\/\/catedra-alberto-benveniste.org\/wp-content\/uploads\/2024\/11\/proj-praying.png 450w, https:\/\/catedra-alberto-benveniste.org\/wp-content\/uploads\/2024\/11\/proj-praying-300x300.png 300w, https:\/\/catedra-alberto-benveniste.org\/wp-content\/uploads\/2024\/11\/proj-praying-150x150.png 150w\" sizes=\"auto, (max-width: 450px) 100vw, 450px\" \/><\/a><\/figure>\n<\/li><\/ul><\/div>\n<\/div><\/div>\n\n<\/div><\/div><\/div><\/div>\n\n<\/div><\/div>","protected":false},"excerpt":{"rendered":"<p>A Newsletter CESAB \u00e9 um boletim informativo sobre as actividades e projectos desenvolvidos pela C\u00e1tedra de Estudos Sefarditas Alberto Benveniste. Nas suas p\u00e1ginas, tamb\u00e9m divulgamos as mais recentes edi\u00e7\u00f5es, bem como as iniciativas que contaram com a participa\u00e7\u00e3o e\/ou organiza\u00e7\u00e3o dos investigadores do centro. This site is a vehicle for the dissemination of the work [&hellip;]<\/p>\n","protected":false},"author":1,"featured_media":0,"parent":0,"menu_order":0,"comment_status":"closed","ping_status":"closed","template":"","meta":{"footnotes":""},"class_list":["post-9062","page","type-page","status-publish","hentry"],"_links":{"self":[{"href":"https:\/\/catedra-alberto-benveniste.org\/en\/wp-json\/wp\/v2\/pages\/9062","targetHints":{"allow":["GET"]}}],"collection":[{"href":"https:\/\/catedra-alberto-benveniste.org\/en\/wp-json\/wp\/v2\/pages"}],"about":[{"href":"https:\/\/catedra-alberto-benveniste.org\/en\/wp-json\/wp\/v2\/types\/page"}],"author":[{"embeddable":true,"href":"https:\/\/catedra-alberto-benveniste.org\/en\/wp-json\/wp\/v2\/users\/1"}],"replies":[{"embeddable":true,"href":"https:\/\/catedra-alberto-benveniste.org\/en\/wp-json\/wp\/v2\/comments?post=9062"}],"version-history":[{"count":16,"href":"https:\/\/catedra-alberto-benveniste.org\/en\/wp-json\/wp\/v2\/pages\/9062\/revisions"}],"predecessor-version":[{"id":11050,"href":"https:\/\/catedra-alberto-benveniste.org\/en\/wp-json\/wp\/v2\/pages\/9062\/revisions\/11050"}],"wp:attachment":[{"href":"https:\/\/catedra-alberto-benveniste.org\/en\/wp-json\/wp\/v2\/media?parent=9062"}],"curies":[{"name":"wp","href":"https:\/\/api.w.org\/{rel}","templated":true}]}}