{"id":9057,"date":"2024-10-16T13:41:37","date_gmt":"2024-10-16T13:41:37","guid":{"rendered":"https:\/\/catedra-alberto-benveniste.org\/documentation-center\/"},"modified":"2024-11-27T15:37:59","modified_gmt":"2024-11-27T15:37:59","slug":"documentation-center","status":"publish","type":"page","link":"https:\/\/catedra-alberto-benveniste.org\/en\/documentation-center\/","title":{"rendered":"Documentation Center"},"content":{"rendered":"<div class=\"kb-row-layout-wrap kb-row-layout-id17_63b975-02 alignnone wp-block-kadence-rowlayout\"><div class=\"kt-row-column-wrap kt-has-1-columns kt-row-layout-equal kt-tab-layout-inherit kt-mobile-layout-row kt-row-valign-top kb-theme-content-width\">\n\n<div class=\"wp-block-kadence-column kadence-column17_0ce13d-ba kb-section-has-overlay\"><div class=\"kt-inside-inner-col\"><h1 style=\"padding-bottom:2rem;margin-left:4rem;\" class=\"wp-block-post-title\">Documentation Center<\/h1><\/div><\/div>\n\n<\/div><\/div><div class=\"kb-row-layout-wrap kb-row-layout-id17_8af1d8-50 alignnone wp-block-kadence-rowlayout\"><div class=\"kt-row-column-wrap kt-has-1-columns kt-row-layout-equal kt-tab-layout-inherit kt-mobile-layout-row kt-row-valign-top kb-theme-content-width\">\n\n<div class=\"wp-block-kadence-column kadence-column17_8de3e1-50\"><div class=\"kt-inside-inner-col\">\n<p>O O Centro de Documenta\u00e7\u00e3o da C\u00e1tedra \u00abAlberto Benveniste\u00bb \u00e9 um servi\u00e7o on-line prestado a todos os que nos procuram em busca de informa\u00e7\u00e3o. Em conformidade com crit\u00e9rios de autoria e tem\u00e1ticos, ir\u00e3o sendo disponibilizados textos integrais e documentos originais para o estudo da historiografia dos Sefarditas portugueses.<\/p>\n<\/div><\/div>\n\n<\/div><\/div>","protected":false},"excerpt":{"rendered":"<p>O O Centro de Documenta\u00e7\u00e3o da C\u00e1tedra \u00abAlberto Benveniste\u00bb \u00e9 um servi\u00e7o on-line prestado a todos os que nos procuram em busca de informa\u00e7\u00e3o. Em conformidade com crit\u00e9rios de autoria e tem\u00e1ticos, ir\u00e3o sendo disponibilizados textos integrais e documentos originais para o estudo da historiografia dos Sefarditas portugueses.<\/p>\n","protected":false},"author":1,"featured_media":0,"parent":0,"menu_order":0,"comment_status":"closed","ping_status":"closed","template":"","meta":{"footnotes":""},"class_list":["post-9057","page","type-page","status-publish","hentry"],"_links":{"self":[{"href":"https:\/\/catedra-alberto-benveniste.org\/en\/wp-json\/wp\/v2\/pages\/9057","targetHints":{"allow":["GET"]}}],"collection":[{"href":"https:\/\/catedra-alberto-benveniste.org\/en\/wp-json\/wp\/v2\/pages"}],"about":[{"href":"https:\/\/catedra-alberto-benveniste.org\/en\/wp-json\/wp\/v2\/types\/page"}],"author":[{"embeddable":true,"href":"https:\/\/catedra-alberto-benveniste.org\/en\/wp-json\/wp\/v2\/users\/1"}],"replies":[{"embeddable":true,"href":"https:\/\/catedra-alberto-benveniste.org\/en\/wp-json\/wp\/v2\/comments?post=9057"}],"version-history":[{"count":6,"href":"https:\/\/catedra-alberto-benveniste.org\/en\/wp-json\/wp\/v2\/pages\/9057\/revisions"}],"predecessor-version":[{"id":9342,"href":"https:\/\/catedra-alberto-benveniste.org\/en\/wp-json\/wp\/v2\/pages\/9057\/revisions\/9342"}],"wp:attachment":[{"href":"https:\/\/catedra-alberto-benveniste.org\/en\/wp-json\/wp\/v2\/media?parent=9057"}],"curies":[{"name":"wp","href":"https:\/\/api.w.org\/{rel}","templated":true}]}}