{"id":9029,"date":"2024-11-19T14:56:11","date_gmt":"2024-11-19T14:56:11","guid":{"rendered":"https:\/\/catedra-alberto-benveniste.org\/cookies-policy\/"},"modified":"2024-11-26T16:20:31","modified_gmt":"2024-11-26T16:20:31","slug":"politica-de-cookies","status":"publish","type":"page","link":"https:\/\/catedra-alberto-benveniste.org\/en\/politica-de-cookies\/","title":{"rendered":"Pol\u00edtica de Cookies"},"content":{"rendered":"<div class=\"kb-row-layout-wrap kb-row-layout-id8107_a91053-1d alignnone wp-block-kadence-rowlayout\"><div class=\"kt-row-column-wrap kt-has-1-columns kt-row-layout-equal kt-tab-layout-inherit kt-mobile-layout-row kt-row-valign-top kb-theme-content-width\">\n\n<div class=\"wp-block-kadence-column kadence-column8107_16ff22-24 kb-section-has-overlay\"><div class=\"kt-inside-inner-col\"><h1 style=\"padding-bottom:2rem;margin-left:4rem;\" class=\"wp-block-post-title\">Pol\u00edtica de Cookies<\/h1><\/div><\/div>\n\n<\/div><\/div>\n\n<div class=\"kb-row-layout-wrap kb-row-layout-id8107_987832-2a alignnone edicoes wp-block-kadence-rowlayout\"><div class=\"kt-row-column-wrap kt-has-1-columns kt-row-layout-equal kt-tab-layout-inherit kt-mobile-layout-row kt-row-valign-top kb-theme-content-width\">\n\n<div class=\"wp-block-kadence-column kadence-column8107_b002f5-01\"><div class=\"kt-inside-inner-col\">\n<p>No <em>website<\/em> da C\u00e1tedra de Estudos Sefarditas Alberto Benveniste s\u00e3o utilizados <em>cookies<\/em> de sess\u00e3o para analisar padr\u00f5es de tr\u00e1fego na <em>web<\/em> ou permitir identificar problemas e fornecer melhor navega\u00e7\u00e3o.<\/p>\n\n\n\n<div style=\"height:1rem\" aria-hidden=\"true\" class=\"wp-block-spacer\"><\/div>\n\n\n\n<p>Todos os <em>browsers<\/em> permitem ao utilizador aceitar, recusar ou apagar <em>cookies<\/em>. Ao desactivar <em>cookies<\/em>, o utilizador poder\u00e1 impedir que alguns servi\u00e7os da <em>web<\/em> funcionem correctamente, afectando, parcial ou totalmente, a navega\u00e7\u00e3o no <em>website<\/em>.<\/p>\n\n\n\n<div style=\"height:1rem\" aria-hidden=\"true\" class=\"wp-block-spacer\"><\/div>\n\n\n\n<p>Para saber mais sobre os <em>cookies<\/em> ver <a href=\"http:\/\/www.allaboutcookies.org\">www.allaboutcookies.org<\/a>.<\/p>\n\n\n\n<div style=\"height:1rem\" aria-hidden=\"true\" class=\"wp-block-spacer\"><\/div>\n\n\n\n<p>Ao ter aceite volunt\u00e1ria e expressamente a pol\u00edtica de <em>cookies<\/em> no <em>website<\/em> da C\u00e1tedra de Estudos Sefarditas Alberto Benveniste, concordou com a recolha e uso das suas informa\u00e7\u00f5es tal como estabelecido nesta Pol\u00edtica de <em>Cookies<\/em>.<\/p>\n<\/div><\/div>\n\n<\/div><\/div>","protected":false},"excerpt":{"rendered":"<p>No website da C\u00e1tedra de Estudos Sefarditas Alberto Benveniste s\u00e3o utilizados cookies de sess\u00e3o para analisar padr\u00f5es de tr\u00e1fego na web ou permitir identificar problemas e fornecer melhor navega\u00e7\u00e3o. Todos os browsers permitem ao utilizador aceitar, recusar ou apagar cookies. Ao desactivar cookies, o utilizador poder\u00e1 impedir que alguns servi\u00e7os da web funcionem correctamente, afectando, [&hellip;]<\/p>\n","protected":false},"author":1,"featured_media":0,"parent":0,"menu_order":0,"comment_status":"closed","ping_status":"closed","template":"","meta":{"footnotes":""},"class_list":["post-9029","page","type-page","status-publish","hentry"],"_links":{"self":[{"href":"https:\/\/catedra-alberto-benveniste.org\/en\/wp-json\/wp\/v2\/pages\/9029","targetHints":{"allow":["GET"]}}],"collection":[{"href":"https:\/\/catedra-alberto-benveniste.org\/en\/wp-json\/wp\/v2\/pages"}],"about":[{"href":"https:\/\/catedra-alberto-benveniste.org\/en\/wp-json\/wp\/v2\/types\/page"}],"author":[{"embeddable":true,"href":"https:\/\/catedra-alberto-benveniste.org\/en\/wp-json\/wp\/v2\/users\/1"}],"replies":[{"embeddable":true,"href":"https:\/\/catedra-alberto-benveniste.org\/en\/wp-json\/wp\/v2\/comments?post=9029"}],"version-history":[{"count":5,"href":"https:\/\/catedra-alberto-benveniste.org\/en\/wp-json\/wp\/v2\/pages\/9029\/revisions"}],"predecessor-version":[{"id":9392,"href":"https:\/\/catedra-alberto-benveniste.org\/en\/wp-json\/wp\/v2\/pages\/9029\/revisions\/9392"}],"wp:attachment":[{"href":"https:\/\/catedra-alberto-benveniste.org\/en\/wp-json\/wp\/v2\/media?parent=9029"}],"curies":[{"name":"wp","href":"https:\/\/api.w.org\/{rel}","templated":true}]}}